{"id":1229,"date":"2021-10-01T14:23:31","date_gmt":"2021-10-01T12:23:31","guid":{"rendered":"https:\/\/www.roofskiing.it\/?page_id=1229"},"modified":"2021-10-06T15:53:05","modified_gmt":"2021-10-06T13:53:05","slug":"corsi-di-sci","status":"publish","type":"page","link":"https:\/\/www.roofskiing.it\/it\/corsi-di-sci\/","title":{"rendered":"Corsi di sci"},"content":{"rendered":"\t\t<div data-elementor-type=\"wp-page\" data-elementor-id=\"1229\" class=\"elementor elementor-1229 elementor-495\">\n\t\t\t\t\t\t<div class=\"elementor-inner\">\n\t\t\t\t<div class=\"elementor-section-wrap\">\n\t\t\t\t\t\t\t\t\t<section class=\"elementor-section elementor-top-section elementor-element elementor-element-339ae623 elementor-section-full_width elementor-section-height-default elementor-section-height-default\" data-id=\"339ae623\" data-element_type=\"section\" data-settings=\"{&quot;jet_parallax_layout_list&quot;:[{&quot;jet_parallax_layout_image&quot;:{&quot;url&quot;:&quot;&quot;,&quot;id&quot;:&quot;&quot;},&quot;_id&quot;:&quot;422f2b0&quot;,&quot;jet_parallax_layout_speed&quot;:{&quot;unit&quot;:&quot;%&quot;,&quot;size&quot;:&quot;50&quot;,&quot;sizes&quot;:[]},&quot;jet_parallax_layout_bg_x&quot;:&quot;50&quot;,&quot;jet_parallax_layout_bg_y&quot;:&quot;50&quot;,&quot;jet_parallax_layout_image_tablet&quot;:{&quot;url&quot;:&quot;&quot;,&quot;id&quot;:&quot;&quot;},&quot;jet_parallax_layout_image_mobile&quot;:{&quot;url&quot;:&quot;&quot;,&quot;id&quot;:&quot;&quot;},&quot;jet_parallax_layout_type&quot;:&quot;scroll&quot;,&quot;jet_parallax_layout_direction&quot;:null,&quot;jet_parallax_layout_fx_direction&quot;:null,&quot;jet_parallax_layout_z_index&quot;:&quot;&quot;,&quot;jet_parallax_layout_bg_x_tablet&quot;:&quot;&quot;,&quot;jet_parallax_layout_bg_x_mobile&quot;:&quot;&quot;,&quot;jet_parallax_layout_bg_y_tablet&quot;:&quot;&quot;,&quot;jet_parallax_layout_bg_y_mobile&quot;:&quot;&quot;,&quot;jet_parallax_layout_bg_size&quot;:&quot;auto&quot;,&quot;jet_parallax_layout_bg_size_tablet&quot;:&quot;&quot;,&quot;jet_parallax_layout_bg_size_mobile&quot;:&quot;&quot;,&quot;jet_parallax_layout_animation_prop&quot;:&quot;transform&quot;,&quot;jet_parallax_layout_on&quot;:[&quot;desktop&quot;,&quot;tablet&quot;]}],&quot;background_background&quot;:&quot;classic&quot;}\">\n\t\t\t\t\t\t\t<div class=\"elementor-background-overlay\"><\/div>\n\t\t\t\t\t\t\t<div class=\"elementor-container elementor-column-gap-no\">\n\t\t\t\t\t\t\t<div class=\"elementor-row\">\n\t\t\t\t\t<div class=\"elementor-column elementor-col-50 elementor-top-column elementor-element elementor-element-75d639\" data-id=\"75d639\" data-element_type=\"column\">\n\t\t\t<div class=\"elementor-column-wrap elementor-element-populated\">\n\t\t\t\t\t\t\t<div class=\"elementor-widget-wrap\">\n\t\t\t\t\t\t<div class=\"elementor-element elementor-element-0b6cb10 elementor-widget elementor-widget-spacer\" data-id=\"0b6cb10\" data-element_type=\"widget\" data-widget_type=\"spacer.default\">\n\t\t\t\t<div class=\"elementor-widget-container\">\n\t\t\t<style>\/*! elementor - v3.6.5 - 27-04-2022 *\/\n.e-container.e-container--row .elementor-spacer-inner{width:var(--spacer-size)}.e-container.e-container--column .elementor-spacer-inner,.elementor-column .elementor-spacer-inner{height:var(--spacer-size)}<\/style>\t\t<div class=\"elementor-spacer\">\n\t\t\t<div class=\"elementor-spacer-inner\"><\/div>\n\t\t<\/div>\n\t\t\t\t<\/div>\n\t\t\t\t<\/div>\n\t\t\t\t<div class=\"elementor-element elementor-element-75ae5d6 elementor-widget elementor-widget-raven-image\" data-id=\"75ae5d6\" data-element_type=\"widget\" data-widget_type=\"raven-image.default\">\n\t\t\t\t<div class=\"elementor-widget-container\">\n\t\t\t\t\t<div class=\"raven-image\">\n\t\t\n\t\t\n\t\t<img width=\"950\" height=\"788\" src=\"https:\/\/www.roofskiing.it\/wp-content\/uploads\/roof-skiing-skiverleih-noleggio-ski2.jpg\" class=\"attachment-full size-full\" alt=\"\" loading=\"lazy\" srcset=\"https:\/\/www.roofskiing.it\/wp-content\/uploads\/roof-skiing-skiverleih-noleggio-ski2.jpg 950w, https:\/\/www.roofskiing.it\/wp-content\/uploads\/roof-skiing-skiverleih-noleggio-ski2-150x124.jpg 150w, https:\/\/www.roofskiing.it\/wp-content\/uploads\/roof-skiing-skiverleih-noleggio-ski2-768x637.jpg 768w\" sizes=\"(max-width: 950px) 100vw, 950px\" \/>\t\t<\/div>\n\t\t\t\t<\/div>\n\t\t\t\t<\/div>\n\t\t\t\t\t\t<\/div>\n\t\t\t\t\t<\/div>\n\t\t<\/div>\n\t\t\t\t<div class=\"elementor-column elementor-col-50 elementor-top-column elementor-element elementor-element-683e892f\" data-id=\"683e892f\" data-element_type=\"column\">\n\t\t\t<div class=\"elementor-column-wrap elementor-element-populated\">\n\t\t\t\t\t\t\t<div class=\"elementor-widget-wrap\">\n\t\t\t\t\t\t<div class=\"elementor-element elementor-element-56ac2725 elementor-widget elementor-widget-jet-headline\" data-id=\"56ac2725\" data-element_type=\"widget\" data-widget_type=\"jet-headline.default\">\n\t\t\t\t<div class=\"elementor-widget-container\">\n\t\t\t<h1 class=\"jet-headline jet-headline--direction-vertical\"><span class=\"jet-headline__part jet-headline__first\"><span class=\"jet-headline__label\">Corsi<\/span><\/span><span class=\"jet-headline__part jet-headline__second\"><span class=\"jet-headline__label\">Rent & Sci<\/span><\/span><\/h1>\t\t<\/div>\n\t\t\t\t<\/div>\n\t\t\t\t\t\t<\/div>\n\t\t\t\t\t<\/div>\n\t\t<\/div>\n\t\t\t\t\t\t\t\t<\/div>\n\t\t\t\t\t<\/div>\n\t\t<\/section>\n\t\t\t\t<section class=\"elementor-section elementor-top-section elementor-element elementor-element-5e48461 elementor-section-full_width elementor-section-height-default elementor-section-height-default\" data-id=\"5e48461\" data-element_type=\"section\" data-settings=\"{&quot;jet_parallax_layout_list&quot;:[{&quot;jet_parallax_layout_image&quot;:{&quot;url&quot;:&quot;&quot;,&quot;id&quot;:&quot;&quot;},&quot;_id&quot;:&quot;c6c27a9&quot;,&quot;jet_parallax_layout_speed&quot;:{&quot;unit&quot;:&quot;%&quot;,&quot;size&quot;:&quot;50&quot;,&quot;sizes&quot;:[]},&quot;jet_parallax_layout_bg_x&quot;:&quot;50&quot;,&quot;jet_parallax_layout_bg_y&quot;:&quot;50&quot;,&quot;jet_parallax_layout_image_tablet&quot;:{&quot;url&quot;:&quot;&quot;,&quot;id&quot;:&quot;&quot;},&quot;jet_parallax_layout_image_mobile&quot;:{&quot;url&quot;:&quot;&quot;,&quot;id&quot;:&quot;&quot;},&quot;jet_parallax_layout_type&quot;:&quot;scroll&quot;,&quot;jet_parallax_layout_direction&quot;:null,&quot;jet_parallax_layout_fx_direction&quot;:null,&quot;jet_parallax_layout_z_index&quot;:&quot;&quot;,&quot;jet_parallax_layout_bg_x_tablet&quot;:&quot;&quot;,&quot;jet_parallax_layout_bg_x_mobile&quot;:&quot;&quot;,&quot;jet_parallax_layout_bg_y_tablet&quot;:&quot;&quot;,&quot;jet_parallax_layout_bg_y_mobile&quot;:&quot;&quot;,&quot;jet_parallax_layout_bg_size&quot;:&quot;auto&quot;,&quot;jet_parallax_layout_bg_size_tablet&quot;:&quot;&quot;,&quot;jet_parallax_layout_bg_size_mobile&quot;:&quot;&quot;,&quot;jet_parallax_layout_animation_prop&quot;:&quot;transform&quot;,&quot;jet_parallax_layout_on&quot;:[&quot;desktop&quot;,&quot;tablet&quot;]}]}\">\n\t\t\t\t\t\t<div class=\"elementor-container elementor-column-gap-no\">\n\t\t\t\t\t\t\t<div class=\"elementor-row\">\n\t\t\t\t\t<div class=\"elementor-column elementor-col-100 elementor-top-column elementor-element elementor-element-6043d53\" data-id=\"6043d53\" data-element_type=\"column\">\n\t\t\t<div class=\"elementor-column-wrap elementor-element-populated\">\n\t\t\t\t\t\t\t<div class=\"elementor-widget-wrap\">\n\t\t\t\t\t\t<div class=\"elementor-element elementor-element-7ed4288 elementor-widget elementor-widget-heading\" data-id=\"7ed4288\" data-element_type=\"widget\" data-widget_type=\"heading.default\">\n\t\t\t\t<div class=\"elementor-widget-container\">\n\t\t\t<style>\/*! elementor - v3.6.5 - 27-04-2022 *\/\n.elementor-heading-title{padding:0;margin:0;line-height:1}.elementor-widget-heading .elementor-heading-title[class*=elementor-size-]>a{color:inherit;font-size:inherit;line-height:inherit}.elementor-widget-heading .elementor-heading-title.elementor-size-small{font-size:15px}.elementor-widget-heading .elementor-heading-title.elementor-size-medium{font-size:19px}.elementor-widget-heading .elementor-heading-title.elementor-size-large{font-size:29px}.elementor-widget-heading .elementor-heading-title.elementor-size-xl{font-size:39px}.elementor-widget-heading .elementor-heading-title.elementor-size-xxl{font-size:59px}<\/style><h3 class=\"elementor-heading-title elementor-size-default\">Corsi di sci nell'hotel<\/h3>\t\t<\/div>\n\t\t\t\t<\/div>\n\t\t\t\t<div class=\"elementor-element elementor-element-04fa6a3 elementor-widget elementor-widget-text-editor\" data-id=\"04fa6a3\" data-element_type=\"widget\" data-widget_type=\"text-editor.default\">\n\t\t\t\t<div class=\"elementor-widget-container\">\n\t\t\t<style>\/*! elementor - v3.6.5 - 27-04-2022 *\/\n.elementor-widget-text-editor.elementor-drop-cap-view-stacked .elementor-drop-cap{background-color:#818a91;color:#fff}.elementor-widget-text-editor.elementor-drop-cap-view-framed .elementor-drop-cap{color:#818a91;border:3px solid;background-color:transparent}.elementor-widget-text-editor:not(.elementor-drop-cap-view-default) .elementor-drop-cap{margin-top:8px}.elementor-widget-text-editor:not(.elementor-drop-cap-view-default) .elementor-drop-cap-letter{width:1em;height:1em}.elementor-widget-text-editor .elementor-drop-cap{float:left;text-align:center;line-height:1;font-size:50px}.elementor-widget-text-editor .elementor-drop-cap-letter{display:inline-block}<\/style>\t\t\t\t\t<div class=\"elementor-text-editor elementor-clearfix\">\n\t\t\t\t<p>Corsi di sci per principianti e avanzati sulla pista da sci dell&#8217;hotel.<br \/><strong>Periodo: Met\u00e0 aprile &#8211; met\u00e0 novembre<\/strong><\/p>\t\t\t\t\t<\/div>\n\t\t\t\t\t\t<\/div>\n\t\t\t\t<\/div>\n\t\t\t\t\t\t<\/div>\n\t\t\t\t\t<\/div>\n\t\t<\/div>\n\t\t\t\t\t\t\t\t<\/div>\n\t\t\t\t\t<\/div>\n\t\t<\/section>\n\t\t\t\t<section class=\"elementor-section elementor-top-section elementor-element elementor-element-6ddd77d8 elementor-section-boxed elementor-section-height-default elementor-section-height-default\" data-id=\"6ddd77d8\" data-element_type=\"section\" data-settings=\"{&quot;jet_parallax_layout_list&quot;:[{&quot;jet_parallax_layout_image&quot;:{&quot;url&quot;:&quot;&quot;,&quot;id&quot;:&quot;&quot;},&quot;_id&quot;:&quot;d255129&quot;,&quot;jet_parallax_layout_speed&quot;:{&quot;unit&quot;:&quot;%&quot;,&quot;size&quot;:&quot;50&quot;,&quot;sizes&quot;:[]},&quot;jet_parallax_layout_bg_x&quot;:&quot;50&quot;,&quot;jet_parallax_layout_bg_y&quot;:&quot;50&quot;,&quot;jet_parallax_layout_image_tablet&quot;:{&quot;url&quot;:&quot;&quot;,&quot;id&quot;:&quot;&quot;},&quot;jet_parallax_layout_image_mobile&quot;:{&quot;url&quot;:&quot;&quot;,&quot;id&quot;:&quot;&quot;},&quot;jet_parallax_layout_type&quot;:&quot;scroll&quot;,&quot;jet_parallax_layout_direction&quot;:null,&quot;jet_parallax_layout_fx_direction&quot;:null,&quot;jet_parallax_layout_z_index&quot;:&quot;&quot;,&quot;jet_parallax_layout_bg_x_tablet&quot;:&quot;&quot;,&quot;jet_parallax_layout_bg_x_mobile&quot;:&quot;&quot;,&quot;jet_parallax_layout_bg_y_tablet&quot;:&quot;&quot;,&quot;jet_parallax_layout_bg_y_mobile&quot;:&quot;&quot;,&quot;jet_parallax_layout_bg_size&quot;:&quot;auto&quot;,&quot;jet_parallax_layout_bg_size_tablet&quot;:&quot;&quot;,&quot;jet_parallax_layout_bg_size_mobile&quot;:&quot;&quot;,&quot;jet_parallax_layout_animation_prop&quot;:&quot;transform&quot;,&quot;jet_parallax_layout_on&quot;:[&quot;desktop&quot;,&quot;tablet&quot;]}]}\">\n\t\t\t\t\t\t<div class=\"elementor-container elementor-column-gap-no\">\n\t\t\t\t\t\t\t<div class=\"elementor-row\">\n\t\t\t\t\t<div class=\"elementor-column elementor-col-100 elementor-top-column elementor-element elementor-element-606e4d10\" data-id=\"606e4d10\" data-element_type=\"column\" data-settings=\"{&quot;background_background&quot;:&quot;classic&quot;}\">\n\t\t\t<div class=\"elementor-column-wrap elementor-element-populated\">\n\t\t\t\t\t\t\t<div class=\"elementor-widget-wrap\">\n\t\t\t\t\t\t<div class=\"elementor-element elementor-element-df86dd1 elementor-widget elementor-widget-heading\" data-id=\"df86dd1\" data-element_type=\"widget\" data-widget_type=\"heading.default\">\n\t\t\t\t<div class=\"elementor-widget-container\">\n\t\t\t<h3 class=\"elementor-heading-title elementor-size-default\">Lezioni private<\/h3>\t\t<\/div>\n\t\t\t\t<\/div>\n\t\t\t\t<div class=\"elementor-element elementor-element-2aa065d elementor-widget elementor-widget-text-editor\" data-id=\"2aa065d\" data-element_type=\"widget\" data-widget_type=\"text-editor.default\">\n\t\t\t\t<div class=\"elementor-widget-container\">\n\t\t\t\t\t\t\t\t<div class=\"elementor-text-editor elementor-clearfix\">\n\t\t\t\t<p><strong>Lezioni private per adulti o bambini,<\/strong> adattate alle vostre capacit\u00e0 individuali. Per principianti e avanzati.<\/p><p><em>1 ora = 55min<\/em><\/p>\t\t\t\t\t<\/div>\n\t\t\t\t\t\t<\/div>\n\t\t\t\t<\/div>\n\t\t\t\t<div class=\"elementor-element elementor-element-3dceeeb elementor-widget elementor-widget-text-editor\" data-id=\"3dceeeb\" data-element_type=\"widget\" data-widget_type=\"text-editor.default\">\n\t\t\t\t<div class=\"elementor-widget-container\">\n\t\t\t\t\t\t\t\t<div class=\"elementor-text-editor elementor-clearfix\">\n\t\t\t\t<div style=\"overflow-x: auto;\"><table width=\"100%\"><tbody><tr><th class=\"first\">Persone<\/th><th>Prezzo<\/th><\/tr><tr><td>1 ora<\/td><td>50\u20ac<\/td><\/tr><tr><td>+ ogni persona aggiuntiva<\/td><td>10\u20ac<\/td><\/tr><\/tbody><\/table><\/div>\t\t\t\t\t<\/div>\n\t\t\t\t\t\t<\/div>\n\t\t\t\t<\/div>\n\t\t\t\t<div class=\"elementor-element elementor-element-54f66dd elementor-widget elementor-widget-heading\" data-id=\"54f66dd\" data-element_type=\"widget\" data-widget_type=\"heading.default\">\n\t\t\t\t<div class=\"elementor-widget-container\">\n\t\t\t<h3 class=\"elementor-heading-title elementor-size-default\">Falky - Corso da sci<\/h3>\t\t<\/div>\n\t\t\t\t<\/div>\n\t\t\t\t<div class=\"elementor-element elementor-element-930bd74 elementor-widget elementor-widget-text-editor\" data-id=\"930bd74\" data-element_type=\"widget\" data-widget_type=\"text-editor.default\">\n\t\t\t\t<div class=\"elementor-widget-container\">\n\t\t\t\t\t\t\t\t<div class=\"elementor-text-editor elementor-clearfix\">\n\t\t\t\t<p><strong>Lezioni per principianti per bambini a partire da 3 anni,<\/strong> minimo 2 bambini.<\/p><p>Tutti i giorni 2 ore <strong>attrezzatura da sci completa inclusa.<\/strong><\/p>\t\t\t\t\t<\/div>\n\t\t\t\t\t\t<\/div>\n\t\t\t\t<\/div>\n\t\t\t\t<div class=\"elementor-element elementor-element-6267a78 elementor-widget elementor-widget-text-editor\" data-id=\"6267a78\" data-element_type=\"widget\" data-widget_type=\"text-editor.default\">\n\t\t\t\t<div class=\"elementor-widget-container\">\n\t\t\t\t\t\t\t\t<div class=\"elementor-text-editor elementor-clearfix\">\n\t\t\t\t<div style=\"overflow-x: auto;\"><table width=\"100%\"><tbody><tr><th class=\"first\">1 giorno<\/th><th>2 giorni<\/th><th>3 giorni<\/th><th>4 giorni<\/th><th>5 giorni<\/th><\/tr><tr><td>80\u20ac<\/td><td>100\u20ac<\/td><td>130\u20ac<\/td><td>150\u20ac<\/td><td>180\u20ac<\/td><\/tr><\/tbody><\/table><\/div>\t\t\t\t\t<\/div>\n\t\t\t\t\t\t<\/div>\n\t\t\t\t<\/div>\n\t\t\t\t\t\t<\/div>\n\t\t\t\t\t<\/div>\n\t\t<\/div>\n\t\t\t\t\t\t\t\t<\/div>\n\t\t\t\t\t<\/div>\n\t\t<\/section>\n\t\t\t\t<section class=\"elementor-section elementor-top-section elementor-element elementor-element-5c760839 elementor-section-full_width elementor-hidden-tablet elementor-hidden-mobile elementor-section-height-default elementor-section-height-default\" data-id=\"5c760839\" data-element_type=\"section\" data-settings=\"{&quot;jet_parallax_layout_list&quot;:[{&quot;jet_parallax_layout_image&quot;:{&quot;url&quot;:&quot;&quot;,&quot;id&quot;:&quot;&quot;},&quot;_id&quot;:&quot;e4f5ff0&quot;,&quot;jet_parallax_layout_speed&quot;:{&quot;unit&quot;:&quot;%&quot;,&quot;size&quot;:&quot;50&quot;,&quot;sizes&quot;:[]},&quot;jet_parallax_layout_bg_x&quot;:&quot;50&quot;,&quot;jet_parallax_layout_bg_y&quot;:&quot;50&quot;,&quot;jet_parallax_layout_image_tablet&quot;:{&quot;url&quot;:&quot;&quot;,&quot;id&quot;:&quot;&quot;},&quot;jet_parallax_layout_image_mobile&quot;:{&quot;url&quot;:&quot;&quot;,&quot;id&quot;:&quot;&quot;},&quot;jet_parallax_layout_type&quot;:&quot;scroll&quot;,&quot;jet_parallax_layout_direction&quot;:null,&quot;jet_parallax_layout_fx_direction&quot;:null,&quot;jet_parallax_layout_z_index&quot;:&quot;&quot;,&quot;jet_parallax_layout_bg_x_tablet&quot;:&quot;&quot;,&quot;jet_parallax_layout_bg_x_mobile&quot;:&quot;&quot;,&quot;jet_parallax_layout_bg_y_tablet&quot;:&quot;&quot;,&quot;jet_parallax_layout_bg_y_mobile&quot;:&quot;&quot;,&quot;jet_parallax_layout_bg_size&quot;:&quot;auto&quot;,&quot;jet_parallax_layout_bg_size_tablet&quot;:&quot;&quot;,&quot;jet_parallax_layout_bg_size_mobile&quot;:&quot;&quot;,&quot;jet_parallax_layout_animation_prop&quot;:&quot;transform&quot;,&quot;jet_parallax_layout_on&quot;:[&quot;desktop&quot;,&quot;tablet&quot;]}]}\">\n\t\t\t\t\t\t<div class=\"elementor-container elementor-column-gap-no\">\n\t\t\t\t\t\t\t<div class=\"elementor-row\">\n\t\t\t\t\t<div class=\"elementor-column elementor-col-50 elementor-top-column elementor-element elementor-element-69890a1b\" data-id=\"69890a1b\" data-element_type=\"column\" data-settings=\"{&quot;background_background&quot;:&quot;classic&quot;}\">\n\t\t\t<div class=\"elementor-column-wrap elementor-element-populated\">\n\t\t\t\t\t\t\t<div class=\"elementor-widget-wrap\">\n\t\t\t\t\t\t<div class=\"elementor-element elementor-element-5eccd990 elementor-widget elementor-widget-spacer\" data-id=\"5eccd990\" data-element_type=\"widget\" data-widget_type=\"spacer.default\">\n\t\t\t\t<div class=\"elementor-widget-container\">\n\t\t\t\t\t<div class=\"elementor-spacer\">\n\t\t\t<div class=\"elementor-spacer-inner\"><\/div>\n\t\t<\/div>\n\t\t\t\t<\/div>\n\t\t\t\t<\/div>\n\t\t\t\t\t\t<\/div>\n\t\t\t\t\t<\/div>\n\t\t<\/div>\n\t\t\t\t<div class=\"elementor-column elementor-col-50 elementor-top-column elementor-element elementor-element-330ff57f\" data-id=\"330ff57f\" data-element_type=\"column\">\n\t\t\t<div class=\"elementor-column-wrap\">\n\t\t\t\t\t\t\t<div class=\"elementor-widget-wrap\">\n\t\t\t\t\t\t\t\t<\/div>\n\t\t\t\t\t<\/div>\n\t\t<\/div>\n\t\t\t\t\t\t\t\t<\/div>\n\t\t\t\t\t<\/div>\n\t\t<\/section>\n\t\t\t\t\t\t\t\t\t<\/div>\n\t\t\t<\/div>\n\t\t\t\t\t<\/div>\n\t\t","protected":false},"excerpt":{"rendered":"<p>CorsiRent &amp; Sci Corsi di sci nell&#8217;hotel Corsi di sci per principianti e avanzati sulla pista da sci dell&#8217;hotel. Periodo: Met\u00e0 aprile &#8211; met\u00e0 novembre Lezioni private Lezioni private per adulti o bambini, adattate alle vostre capacit\u00e0 individuali. Per principianti e avanzati. 1 ora = 55min Persone Prezzo 1 ora 50\u20ac + ogni persona aggiuntiva [&hellip;]<\/p>\n","protected":false},"author":1,"featured_media":0,"parent":0,"menu_order":0,"comment_status":"closed","ping_status":"closed","template":"full-width.php","meta":[],"acf":[],"yoast_head":"<!-- This site is optimized with the Yoast SEO plugin v19.7.1 - https:\/\/yoast.com\/wordpress\/plugins\/seo\/ -->\n<title>Corsi di Sci - Roofskiing \u2013 Noleggio Sci - Falkensteiner Family Resort Lido<\/title>\n<meta name=\"description\" content=\"Corsi di sci nell&#039;hotel: Corsi di sci per principianti e avanzati sulla pista da sci dell\u2019hotel.\" \/>\n<meta name=\"robots\" content=\"index, follow, max-snippet:-1, max-image-preview:large, max-video-preview:-1\" \/>\n<link rel=\"canonical\" href=\"https:\/\/www.roofskiing.it\/it\/corsi-di-sci\/\" \/>\n<meta property=\"og:locale\" content=\"it_IT\" \/>\n<meta property=\"og:type\" content=\"article\" \/>\n<meta property=\"og:title\" content=\"Corsi di Sci - Roofskiing \u2013 Noleggio Sci - Falkensteiner Family Resort Lido\" \/>\n<meta property=\"og:description\" content=\"Corsi di sci nell&#039;hotel: Corsi di sci per principianti e avanzati sulla pista da sci dell\u2019hotel.\" \/>\n<meta property=\"og:url\" content=\"https:\/\/www.roofskiing.it\/it\/corsi-di-sci\/\" \/>\n<meta property=\"og:site_name\" content=\"Roofskiing\" \/>\n<meta property=\"article:modified_time\" content=\"2021-10-06T13:53:05+00:00\" \/>\n<meta property=\"og:image\" content=\"https:\/\/www.roofskiing.it\/wp-content\/uploads\/roof-skiing-skiverleih-noleggio-ski2.jpg\" \/>\n<meta name=\"twitter:card\" content=\"summary_large_image\" \/>\n<meta name=\"twitter:label1\" content=\"Tempo di lettura stimato\" \/>\n\t<meta name=\"twitter:data1\" content=\"1 minuto\" \/>\n<script type=\"application\/ld+json\" class=\"yoast-schema-graph\">{\"@context\":\"https:\/\/schema.org\",\"@graph\":[{\"@type\":\"WebPage\",\"@id\":\"https:\/\/www.roofskiing.it\/it\/corsi-di-sci\/\",\"url\":\"https:\/\/www.roofskiing.it\/it\/corsi-di-sci\/\",\"name\":\"Corsi di Sci - Roofskiing \u2013 Noleggio Sci - Falkensteiner Family Resort Lido\",\"isPartOf\":{\"@id\":\"https:\/\/www.roofskiing.it\/#website\"},\"datePublished\":\"2021-10-01T12:23:31+00:00\",\"dateModified\":\"2021-10-06T13:53:05+00:00\",\"description\":\"Corsi di sci nell'hotel: Corsi di sci per principianti e avanzati sulla pista da sci dell\u2019hotel.\",\"breadcrumb\":{\"@id\":\"https:\/\/www.roofskiing.it\/it\/corsi-di-sci\/#breadcrumb\"},\"inLanguage\":\"it-IT\",\"potentialAction\":[{\"@type\":\"ReadAction\",\"target\":[\"https:\/\/www.roofskiing.it\/it\/corsi-di-sci\/\"]}]},{\"@type\":\"BreadcrumbList\",\"@id\":\"https:\/\/www.roofskiing.it\/it\/corsi-di-sci\/#breadcrumb\",\"itemListElement\":[{\"@type\":\"ListItem\",\"position\":1,\"name\":\"Startseite\",\"item\":\"https:\/\/www.roofskiing.it\/it\/\"},{\"@type\":\"ListItem\",\"position\":2,\"name\":\"Corsi di sci\"}]},{\"@type\":\"WebSite\",\"@id\":\"https:\/\/www.roofskiing.it\/#website\",\"url\":\"https:\/\/www.roofskiing.it\/\",\"name\":\"Roofskiing\",\"description\":\"Rent &amp; Sci nell&#039;Hotel\",\"publisher\":{\"@id\":\"https:\/\/www.roofskiing.it\/#organization\"},\"potentialAction\":[{\"@type\":\"SearchAction\",\"target\":{\"@type\":\"EntryPoint\",\"urlTemplate\":\"https:\/\/www.roofskiing.it\/?s={search_term_string}\"},\"query-input\":\"required name=search_term_string\"}],\"inLanguage\":\"it-IT\"},{\"@type\":\"Organization\",\"@id\":\"https:\/\/www.roofskiing.it\/#organization\",\"name\":\"Roofskiing\",\"url\":\"https:\/\/www.roofskiing.it\/\",\"sameAs\":[],\"logo\":{\"@type\":\"ImageObject\",\"inLanguage\":\"it-IT\",\"@id\":\"https:\/\/www.roofskiing.it\/#\/schema\/logo\/image\/\",\"url\":\"https:\/\/www.roofskiing.it\/wp-content\/uploads\/roof-skiing-logo.svg\",\"contentUrl\":\"https:\/\/www.roofskiing.it\/wp-content\/uploads\/roof-skiing-logo.svg\",\"width\":81.93,\"height\":11.6,\"caption\":\"Roofskiing\"},\"image\":{\"@id\":\"https:\/\/www.roofskiing.it\/#\/schema\/logo\/image\/\"}}]}<\/script>\n<!-- \/ Yoast SEO plugin. -->","yoast_head_json":{"title":"Corsi di Sci - Roofskiing \u2013 Noleggio Sci - Falkensteiner Family Resort Lido","description":"Corsi di sci nell'hotel: Corsi di sci per principianti e avanzati sulla pista da sci dell\u2019hotel.","robots":{"index":"index","follow":"follow","max-snippet":"max-snippet:-1","max-image-preview":"max-image-preview:large","max-video-preview":"max-video-preview:-1"},"canonical":"https:\/\/www.roofskiing.it\/it\/corsi-di-sci\/","og_locale":"it_IT","og_type":"article","og_title":"Corsi di Sci - Roofskiing \u2013 Noleggio Sci - Falkensteiner Family Resort Lido","og_description":"Corsi di sci nell'hotel: Corsi di sci per principianti e avanzati sulla pista da sci dell\u2019hotel.","og_url":"https:\/\/www.roofskiing.it\/it\/corsi-di-sci\/","og_site_name":"Roofskiing","article_modified_time":"2021-10-06T13:53:05+00:00","og_image":[{"url":"https:\/\/www.roofskiing.it\/wp-content\/uploads\/roof-skiing-skiverleih-noleggio-ski2.jpg"}],"twitter_card":"summary_large_image","twitter_misc":{"Tempo di lettura stimato":"1 minuto"},"schema":{"@context":"https:\/\/schema.org","@graph":[{"@type":"WebPage","@id":"https:\/\/www.roofskiing.it\/it\/corsi-di-sci\/","url":"https:\/\/www.roofskiing.it\/it\/corsi-di-sci\/","name":"Corsi di Sci - Roofskiing \u2013 Noleggio Sci - Falkensteiner Family Resort Lido","isPartOf":{"@id":"https:\/\/www.roofskiing.it\/#website"},"datePublished":"2021-10-01T12:23:31+00:00","dateModified":"2021-10-06T13:53:05+00:00","description":"Corsi di sci nell'hotel: Corsi di sci per principianti e avanzati sulla pista da sci dell\u2019hotel.","breadcrumb":{"@id":"https:\/\/www.roofskiing.it\/it\/corsi-di-sci\/#breadcrumb"},"inLanguage":"it-IT","potentialAction":[{"@type":"ReadAction","target":["https:\/\/www.roofskiing.it\/it\/corsi-di-sci\/"]}]},{"@type":"BreadcrumbList","@id":"https:\/\/www.roofskiing.it\/it\/corsi-di-sci\/#breadcrumb","itemListElement":[{"@type":"ListItem","position":1,"name":"Startseite","item":"https:\/\/www.roofskiing.it\/it\/"},{"@type":"ListItem","position":2,"name":"Corsi di sci"}]},{"@type":"WebSite","@id":"https:\/\/www.roofskiing.it\/#website","url":"https:\/\/www.roofskiing.it\/","name":"Roofskiing","description":"Rent &amp; Sci nell&#039;Hotel","publisher":{"@id":"https:\/\/www.roofskiing.it\/#organization"},"potentialAction":[{"@type":"SearchAction","target":{"@type":"EntryPoint","urlTemplate":"https:\/\/www.roofskiing.it\/?s={search_term_string}"},"query-input":"required name=search_term_string"}],"inLanguage":"it-IT"},{"@type":"Organization","@id":"https:\/\/www.roofskiing.it\/#organization","name":"Roofskiing","url":"https:\/\/www.roofskiing.it\/","sameAs":[],"logo":{"@type":"ImageObject","inLanguage":"it-IT","@id":"https:\/\/www.roofskiing.it\/#\/schema\/logo\/image\/","url":"https:\/\/www.roofskiing.it\/wp-content\/uploads\/roof-skiing-logo.svg","contentUrl":"https:\/\/www.roofskiing.it\/wp-content\/uploads\/roof-skiing-logo.svg","width":81.93,"height":11.6,"caption":"Roofskiing"},"image":{"@id":"https:\/\/www.roofskiing.it\/#\/schema\/logo\/image\/"}}]}},"_links":{"self":[{"href":"https:\/\/www.roofskiing.it\/it\/wp-json\/wp\/v2\/pages\/1229"}],"collection":[{"href":"https:\/\/www.roofskiing.it\/it\/wp-json\/wp\/v2\/pages"}],"about":[{"href":"https:\/\/www.roofskiing.it\/it\/wp-json\/wp\/v2\/types\/page"}],"author":[{"embeddable":true,"href":"https:\/\/www.roofskiing.it\/it\/wp-json\/wp\/v2\/users\/1"}],"replies":[{"embeddable":true,"href":"https:\/\/www.roofskiing.it\/it\/wp-json\/wp\/v2\/comments?post=1229"}],"version-history":[{"count":1,"href":"https:\/\/www.roofskiing.it\/it\/wp-json\/wp\/v2\/pages\/1229\/revisions"}],"predecessor-version":[{"id":1455,"href":"https:\/\/www.roofskiing.it\/it\/wp-json\/wp\/v2\/pages\/1229\/revisions\/1455"}],"wp:attachment":[{"href":"https:\/\/www.roofskiing.it\/it\/wp-json\/wp\/v2\/media?parent=1229"}],"curies":[{"name":"wp","href":"https:\/\/api.w.org\/{rel}","templated":true}]}}